{"id":795,"date":"2023-02-21T15:33:25","date_gmt":"2023-02-21T15:33:25","guid":{"rendered":"https:\/\/jardinerosmallorca.com\/accesibilidad\/"},"modified":"2023-02-21T15:33:25","modified_gmt":"2023-02-21T15:33:25","slug":"accesibilidad","status":"publish","type":"page","link":"https:\/\/jardinerosmallorca.com\/en\/accesibilidad\/","title":{"rendered":"accesibilidad"},"content":{"rendered":"<p>Pol\u00edtica de accesibilidad<\/p>\n<p>La empresa\u00a0<strong>Emilio Flores <\/strong>se ha comprometido a hacer accesible su sitio web de conformidad con el Real Decreto 1112\/2018, de 7 de septiembre, sobre accesibilidad de los sitios web y aplicaciones para dispositivos m\u00f3viles del sector p\u00fablico, o desarrollos financiados desde Europa.<\/p>\n<p>La presente declaraci\u00f3n de accesibilidad se aplica al sitio web https:\/\/jardinerosmallorca.com\/\u00a0excluyendo los contenidos incrustados provenientes de otros dominios.<\/p>\n<p>Situaci\u00f3n de cumplimiento<\/p>\n<p>Este sitio web es Parcialmente conforme con el RD 1112\/2018 debido a la falta de conformidad de los aspectos que se indican a continuaci\u00f3n.<\/p>\n<p>Contenido no accesible<\/p>\n<p>El contenido que se recoge a continuaci\u00f3n no es accesible por los siguientes motivos:<\/p>\n<p>Falta de conformidad:<br \/>\nPuede existir contenido no textual con alternativa textual inadecuada en algunas p\u00e1ginas \u2013 Requisito n\u00famero 9.1.1.1 Contenido no textual de UNE-EN 301549:2020<br \/>\nPuede haber elementos cuyo contraste no sea el suficiente en algunas p\u00e1ginas \u2013 Requisito 9.1.4.3 Contraste UNE-EN 301549:2020<br \/>\nPueden existir algunos enlaces cuya funci\u00f3n o objetivo no est\u00e9n correctamente definidos \u2013 Requisito n\u00famero 9.2.4.4 Prop\u00f3sito de los enlaces de UNE-EN 301549:2020<br \/>\nPodr\u00edan existir fallos puntuales de edici\u00f3n en alguna p\u00e1gina web.<br \/>\nCarga desproporcionada: No resulta aplicable.<br \/>\nEl contenido no entra dentro del \u00e1mbito de la legislaci\u00f3n aplicable.<\/p>\n<p>Podr\u00edan existir archivos ofim\u00e1ticos en PDF u otros formatos publicados antes del 20 de septiembre de 2018 que no cumplan en su totalidad todos los requisitos de accesibilidad.<br \/>\nPuede haber contenidos de terceros que no est\u00e9n desarrollados en esta Unidad, ni bajo su control, como archivos ofim\u00e1ticos de diferentes organismos que deban publicarse en este sitio.<\/p>\n","protected":false},"excerpt":{"rendered":"<p>Pol\u00edtica de accesibilidad La empresa\u00a0Emilio Flores se ha comprometido a hacer accesible su sitio web de conformidad con el Real Decreto 1112\/2018, de 7 de septiembre, sobre accesibilidad de los&#8230;<\/p>\n","protected":false},"author":1,"featured_media":0,"parent":0,"menu_order":0,"comment_status":"closed","ping_status":"closed","template":"","meta":[],"yoast_head":"<!-- This site is optimized with the Yoast SEO plugin v21.1 - https:\/\/yoast.com\/wordpress\/plugins\/seo\/ -->\n<title>accesibilidad - Emilio Flores<\/title>\n<meta name=\"robots\" content=\"index, follow, max-snippet:-1, max-image-preview:large, max-video-preview:-1\" \/>\n<link rel=\"canonical\" href=\"https:\/\/jardinerosmallorca.com\/en\/accesibilidad\/\" \/>\n<meta property=\"og:locale\" content=\"en_US\" \/>\n<meta property=\"og:type\" content=\"article\" \/>\n<meta property=\"og:title\" content=\"accesibilidad - Emilio Flores\" \/>\n<meta property=\"og:description\" content=\"Pol\u00edtica de accesibilidad La empresa\u00a0Emilio Flores se ha comprometido a hacer accesible su sitio web de conformidad con el Real Decreto 1112\/2018, de 7 de septiembre, sobre accesibilidad de los...\" \/>\n<meta property=\"og:url\" content=\"https:\/\/jardinerosmallorca.com\/en\/accesibilidad\/\" \/>\n<meta property=\"og:site_name\" content=\"Emilio Flores\" \/>\n<meta name=\"twitter:card\" content=\"summary_large_image\" \/>\n<meta name=\"twitter:label1\" content=\"Est. reading time\" \/>\n\t<meta name=\"twitter:data1\" content=\"1 minute\" \/>\n<script type=\"application\/ld+json\" class=\"yoast-schema-graph\">{\"@context\":\"https:\/\/schema.org\",\"@graph\":[{\"@type\":\"WebPage\",\"@id\":\"https:\/\/jardinerosmallorca.com\/en\/accesibilidad\/\",\"url\":\"https:\/\/jardinerosmallorca.com\/en\/accesibilidad\/\",\"name\":\"accesibilidad - Emilio Flores\",\"isPartOf\":{\"@id\":\"https:\/\/jardinerosmallorca.com\/#website\"},\"datePublished\":\"2023-02-21T15:33:25+00:00\",\"dateModified\":\"2023-02-21T15:33:25+00:00\",\"breadcrumb\":{\"@id\":\"https:\/\/jardinerosmallorca.com\/en\/accesibilidad\/#breadcrumb\"},\"inLanguage\":\"en-US\",\"potentialAction\":[{\"@type\":\"ReadAction\",\"target\":[\"https:\/\/jardinerosmallorca.com\/en\/accesibilidad\/\"]}]},{\"@type\":\"BreadcrumbList\",\"@id\":\"https:\/\/jardinerosmallorca.com\/en\/accesibilidad\/#breadcrumb\",\"itemListElement\":[{\"@type\":\"ListItem\",\"position\":1,\"name\":\"Home\",\"item\":\"https:\/\/jardinerosmallorca.com\/en\/\"},{\"@type\":\"ListItem\",\"position\":2,\"name\":\"accesibilidad\"}]},{\"@type\":\"WebSite\",\"@id\":\"https:\/\/jardinerosmallorca.com\/#website\",\"url\":\"https:\/\/jardinerosmallorca.com\/\",\"name\":\"Emilio Flores\",\"description\":\"Jardiner\u00eda profesional en Mallorca\",\"potentialAction\":[{\"@type\":\"SearchAction\",\"target\":{\"@type\":\"EntryPoint\",\"urlTemplate\":\"https:\/\/jardinerosmallorca.com\/?s={search_term_string}\"},\"query-input\":\"required name=search_term_string\"}],\"inLanguage\":\"en-US\"}]}<\/script>\n<!-- \/ Yoast SEO plugin. -->","yoast_head_json":{"title":"accesibilidad - Emilio Flores","robots":{"index":"index","follow":"follow","max-snippet":"max-snippet:-1","max-image-preview":"max-image-preview:large","max-video-preview":"max-video-preview:-1"},"canonical":"https:\/\/jardinerosmallorca.com\/en\/accesibilidad\/","og_locale":"en_US","og_type":"article","og_title":"accesibilidad - Emilio Flores","og_description":"Pol\u00edtica de accesibilidad La empresa\u00a0Emilio Flores se ha comprometido a hacer accesible su sitio web de conformidad con el Real Decreto 1112\/2018, de 7 de septiembre, sobre accesibilidad de los...","og_url":"https:\/\/jardinerosmallorca.com\/en\/accesibilidad\/","og_site_name":"Emilio Flores","twitter_card":"summary_large_image","twitter_misc":{"Est. reading time":"1 minute"},"schema":{"@context":"https:\/\/schema.org","@graph":[{"@type":"WebPage","@id":"https:\/\/jardinerosmallorca.com\/en\/accesibilidad\/","url":"https:\/\/jardinerosmallorca.com\/en\/accesibilidad\/","name":"accesibilidad - Emilio Flores","isPartOf":{"@id":"https:\/\/jardinerosmallorca.com\/#website"},"datePublished":"2023-02-21T15:33:25+00:00","dateModified":"2023-02-21T15:33:25+00:00","breadcrumb":{"@id":"https:\/\/jardinerosmallorca.com\/en\/accesibilidad\/#breadcrumb"},"inLanguage":"en-US","potentialAction":[{"@type":"ReadAction","target":["https:\/\/jardinerosmallorca.com\/en\/accesibilidad\/"]}]},{"@type":"BreadcrumbList","@id":"https:\/\/jardinerosmallorca.com\/en\/accesibilidad\/#breadcrumb","itemListElement":[{"@type":"ListItem","position":1,"name":"Home","item":"https:\/\/jardinerosmallorca.com\/en\/"},{"@type":"ListItem","position":2,"name":"accesibilidad"}]},{"@type":"WebSite","@id":"https:\/\/jardinerosmallorca.com\/#website","url":"https:\/\/jardinerosmallorca.com\/","name":"Emilio Flores","description":"Jardiner\u00eda profesional en Mallorca","potentialAction":[{"@type":"SearchAction","target":{"@type":"EntryPoint","urlTemplate":"https:\/\/jardinerosmallorca.com\/?s={search_term_string}"},"query-input":"required name=search_term_string"}],"inLanguage":"en-US"}]}},"_links":{"self":[{"href":"https:\/\/jardinerosmallorca.com\/en\/wp-json\/wp\/v2\/pages\/795"}],"collection":[{"href":"https:\/\/jardinerosmallorca.com\/en\/wp-json\/wp\/v2\/pages"}],"about":[{"href":"https:\/\/jardinerosmallorca.com\/en\/wp-json\/wp\/v2\/types\/page"}],"author":[{"embeddable":true,"href":"https:\/\/jardinerosmallorca.com\/en\/wp-json\/wp\/v2\/users\/1"}],"replies":[{"embeddable":true,"href":"https:\/\/jardinerosmallorca.com\/en\/wp-json\/wp\/v2\/comments?post=795"}],"version-history":[{"count":0,"href":"https:\/\/jardinerosmallorca.com\/en\/wp-json\/wp\/v2\/pages\/795\/revisions"}],"wp:attachment":[{"href":"https:\/\/jardinerosmallorca.com\/en\/wp-json\/wp\/v2\/media?parent=795"}],"curies":[{"name":"wp","href":"https:\/\/api.w.org\/{rel}","templated":true}]}}